{"id":3015,"date":"2025-08-28T13:21:32","date_gmt":"2025-08-28T13:21:32","guid":{"rendered":"https:\/\/loreedespistes-toussuire.com\/?page_id=3015"},"modified":"2025-08-28T13:22:56","modified_gmt":"2025-08-28T13:22:56","slug":"politique-de-confidentialite-cookies","status":"publish","type":"page","link":"https:\/\/loreedespistes-toussuire.com\/index.php\/politique-de-confidentialite-cookies\/","title":{"rendered":"Politique de confidentialit\u00e9 &amp; cookies"},"content":{"rendered":"\t\t<div data-elementor-type=\"wp-page\" data-elementor-id=\"3015\" class=\"elementor elementor-3015\">\n\t\t\t\t<div class=\"elementor-element elementor-element-cb4f413 e-flex e-con-boxed e-con e-parent\" data-id=\"cb4f413\" data-element_type=\"container\" data-e-type=\"container\">\n\t\t\t\t\t<div class=\"e-con-inner\">\n\t\t\t\t<div class=\"elementor-element elementor-element-d3df11a elementor-widget elementor-widget-text-editor\" data-id=\"d3df11a\" data-element_type=\"widget\" data-e-type=\"widget\" data-widget_type=\"text-editor.default\">\n\t\t\t\t\t\t\t\t\t<h1 data-start=\"994\" data-end=\"1031\"><strong data-start=\"999\" data-end=\"1031\">Politique de confidentialit\u00e9<\/strong><\/h1><p data-start=\"1033\" data-end=\"1246\">Ce site est un site vitrine destin\u00e9 \u00e0 pr\u00e9senter la r\u00e9sidence L\u2019Or\u00e9e des Pistes.<br data-start=\"1112\" data-end=\"1115\" \/>Dans ce cadre, certaines donn\u00e9es personnelles peuvent \u00eatre collect\u00e9es via le formulaire de contact (nom, pr\u00e9nom, email, message).<\/p><p data-start=\"1248\" data-end=\"1277\"><strong data-start=\"1248\" data-end=\"1275\">Utilisation des donn\u00e9es<\/strong><\/p><ul data-start=\"1278\" data-end=\"1496\"><li data-start=\"1278\" data-end=\"1401\"><p data-start=\"1280\" data-end=\"1401\">Les informations collect\u00e9es sont utilis\u00e9es uniquement pour r\u00e9pondre aux demandes envoy\u00e9es via le formulaire de contact.<\/p><\/li><li data-start=\"1402\" data-end=\"1496\"><p data-start=\"1404\" data-end=\"1496\">Elles ne sont jamais transmises \u00e0 des tiers, vendues ou utilis\u00e9es \u00e0 des fins commerciales.<\/p><\/li><\/ul><p data-start=\"1498\" data-end=\"1642\"><strong data-start=\"1498\" data-end=\"1523\">Dur\u00e9e de conservation<\/strong><br data-start=\"1523\" data-end=\"1526\" \/>Les donn\u00e9es sont conserv\u00e9es pendant une dur\u00e9e maximale de 12 mois, le temps n\u00e9cessaire au traitement des demandes.<\/p><p data-start=\"1644\" data-end=\"1888\"><strong data-start=\"1644\" data-end=\"1671\">Droits des utilisateurs<\/strong><br data-start=\"1671\" data-end=\"1674\" \/>Conform\u00e9ment au RGPD, vous disposez d\u2019un droit d\u2019acc\u00e8s, de rectification, de suppression et d\u2019opposition au traitement de vos donn\u00e9es.<br data-start=\"1808\" data-end=\"1811\" \/>Pour exercer ces droits, vous pouvez nous contacter \u00e0 : loreedespistes.toussuire@gmail.com<\/p><h1 data-start=\"1895\" data-end=\"1911\"><strong data-start=\"1900\" data-end=\"1911\">Cookies<\/strong><\/h1><p data-start=\"1913\" data-end=\"2166\">Ce site utilise uniquement des cookies techniques n\u00e9cessaires \u00e0 son bon fonctionnement.<\/p>\t\t\t\t\t\t\t\t<\/div>\n\t\t\t\t\t<\/div>\n\t\t\t\t<\/div>\n\t\t\t\t<\/div>\n\t\t","protected":false},"excerpt":{"rendered":"<p>Politique de confidentialit\u00e9 Ce site est un site vitrine destin\u00e9 \u00e0 pr\u00e9senter la r\u00e9sidence L\u2019Or\u00e9e des Pistes.Dans ce cadre, certaines donn\u00e9es personnelles peuvent \u00eatre collect\u00e9es via le formulaire de contact (nom, pr\u00e9nom, email, message). Utilisation des donn\u00e9es Les informations collect\u00e9es sont utilis\u00e9es uniquement pour r\u00e9pondre aux demandes envoy\u00e9es via le formulaire de contact. Elles ne &#8230;<\/p>\n","protected":false},"author":2,"featured_media":0,"parent":0,"menu_order":0,"comment_status":"closed","ping_status":"closed","template":"","meta":{"cozystay_single_page_hide_site_header":"","cozystay_single_page_site_header_source":"","cozystay_single_page_custom_site_header":"0","cozystay_single_page_custom_sticky_site_header":"0","cozystay_single_page_hide_page_title":"","cozystay_single_page_header_section_size":"","cozystay_single_page_header_background_color":"","cozystay_single_page_header_background_position_x":"center","cozystay_single_page_header_background_position_y":"center","cozystay_single_page_header_background_size":"cover","cozystay_single_page_header_background_repeat":"off","cozystay_single_page_header_background_scroll":"on","cozystay_single_page_header_text_color":"","cozystay_single_page_header_show_breadcrumb":"","cozystay_single_page_site_footer_hide_main":"","cozystay_single_custom_site_footer_main_source":"","cozystay_single_custom_site_footer_main":"0","cozystay_single_page_site_footer_hide_above":"","cozystay_single_custom_site_footer_above_source":"","cozystay_single_custom_site_footer_above":"0","cozystay_single_page_site_footer_hide_instagram":"","cozystay_single_page_site_footer_hide_bottom":"","cozystay_single_custom_mobile_menu_source":"","cozystay_single_custom_mobile_menu":"0","cozystay_single_custom_mobile_menu_animation":"","cozystay_single_custom_mobile_menu_width":"","cozystay_single_custom_mobile_menu_custom_width":375,"footnotes":""},"class_list":["post-3015","page","type-page","status-publish","hentry"],"yoast_head":"<!-- This site is optimized with the Yoast SEO plugin v27.4 - https:\/\/yoast.com\/product\/yoast-seo-wordpress\/ -->\n<title>Politique de confidentialit\u00e9 &amp; cookies - R\u00e9sidence l&#039;Or\u00e9e des pistes \u00e0 la Toussuire<\/title>\n<meta name=\"robots\" content=\"index, follow, max-snippet:-1, max-image-preview:large, max-video-preview:-1\" \/>\n<link rel=\"canonical\" href=\"https:\/\/loreedespistes-toussuire.com\/index.php\/politique-de-confidentialite-cookies\/\" \/>\n<meta property=\"og:locale\" content=\"fr_FR\" \/>\n<meta property=\"og:type\" content=\"article\" \/>\n<meta property=\"og:title\" content=\"Politique de confidentialit\u00e9 &amp; cookies - R\u00e9sidence l&#039;Or\u00e9e des pistes \u00e0 la Toussuire\" \/>\n<meta property=\"og:description\" content=\"Politique de confidentialit\u00e9 Ce site est un site vitrine destin\u00e9 \u00e0 pr\u00e9senter la r\u00e9sidence L\u2019Or\u00e9e des Pistes.Dans ce cadre, certaines donn\u00e9es personnelles peuvent \u00eatre collect\u00e9es via le formulaire de contact (nom, pr\u00e9nom, email, message). Utilisation des donn\u00e9es Les informations collect\u00e9es sont utilis\u00e9es uniquement pour r\u00e9pondre aux demandes envoy\u00e9es via le formulaire de contact. Elles ne ...\" \/>\n<meta property=\"og:url\" content=\"https:\/\/loreedespistes-toussuire.com\/index.php\/politique-de-confidentialite-cookies\/\" \/>\n<meta property=\"og:site_name\" content=\"R\u00e9sidence l&#039;Or\u00e9e des pistes \u00e0 la Toussuire\" \/>\n<meta property=\"article:modified_time\" content=\"2025-08-28T13:22:56+00:00\" \/>\n<meta name=\"twitter:card\" content=\"summary_large_image\" \/>\n<meta name=\"twitter:label1\" content=\"Dur\u00e9e de lecture estim\u00e9e\" \/>\n\t<meta name=\"twitter:data1\" content=\"1 minute\" \/>\n<script type=\"application\/ld+json\" class=\"yoast-schema-graph\">{\"@context\":\"https:\\\/\\\/schema.org\",\"@graph\":[{\"@type\":\"WebPage\",\"@id\":\"https:\\\/\\\/loreedespistes-toussuire.com\\\/index.php\\\/politique-de-confidentialite-cookies\\\/\",\"url\":\"https:\\\/\\\/loreedespistes-toussuire.com\\\/index.php\\\/politique-de-confidentialite-cookies\\\/\",\"name\":\"Politique de confidentialit\u00e9 &amp; cookies - R\u00e9sidence l&#039;Or\u00e9e des pistes \u00e0 la Toussuire\",\"isPartOf\":{\"@id\":\"https:\\\/\\\/loreedespistes-toussuire.com\\\/#website\"},\"datePublished\":\"2025-08-28T13:21:32+00:00\",\"dateModified\":\"2025-08-28T13:22:56+00:00\",\"breadcrumb\":{\"@id\":\"https:\\\/\\\/loreedespistes-toussuire.com\\\/index.php\\\/politique-de-confidentialite-cookies\\\/#breadcrumb\"},\"inLanguage\":\"fr-FR\",\"potentialAction\":[{\"@type\":\"ReadAction\",\"target\":[\"https:\\\/\\\/loreedespistes-toussuire.com\\\/index.php\\\/politique-de-confidentialite-cookies\\\/\"]}]},{\"@type\":\"BreadcrumbList\",\"@id\":\"https:\\\/\\\/loreedespistes-toussuire.com\\\/index.php\\\/politique-de-confidentialite-cookies\\\/#breadcrumb\",\"itemListElement\":[{\"@type\":\"ListItem\",\"position\":1,\"name\":\"Home\",\"item\":\"https:\\\/\\\/loreedespistes-toussuire.com\\\/\"},{\"@type\":\"ListItem\",\"position\":2,\"name\":\"Politique de confidentialit\u00e9 &amp; cookies\"}]},{\"@type\":\"WebSite\",\"@id\":\"https:\\\/\\\/loreedespistes-toussuire.com\\\/#website\",\"url\":\"https:\\\/\\\/loreedespistes-toussuire.com\\\/\",\"name\":\"R\u00e9sidence l&#039;Or\u00e9e des pistes \u00e0 la Toussuire\",\"description\":\"Locations saisonni\u00e8res\",\"publisher\":{\"@id\":\"https:\\\/\\\/loreedespistes-toussuire.com\\\/#organization\"},\"potentialAction\":[{\"@type\":\"SearchAction\",\"target\":{\"@type\":\"EntryPoint\",\"urlTemplate\":\"https:\\\/\\\/loreedespistes-toussuire.com\\\/?s={search_term_string}\"},\"query-input\":{\"@type\":\"PropertyValueSpecification\",\"valueRequired\":true,\"valueName\":\"search_term_string\"}}],\"inLanguage\":\"fr-FR\"},{\"@type\":\"Organization\",\"@id\":\"https:\\\/\\\/loreedespistes-toussuire.com\\\/#organization\",\"name\":\"R\u00e9sidence l&#039;Or\u00e9e des pistes \u00e0 la Toussuire\",\"url\":\"https:\\\/\\\/loreedespistes-toussuire.com\\\/\",\"logo\":{\"@type\":\"ImageObject\",\"inLanguage\":\"fr-FR\",\"@id\":\"https:\\\/\\\/loreedespistes-toussuire.com\\\/#\\\/schema\\\/logo\\\/image\\\/\",\"url\":\"https:\\\/\\\/loreedespistes-toussuire.com\\\/wp-content\\\/uploads\\\/2025\\\/07\\\/cropped-Green-Black-Minimalist-Pine-Tree-Logo.png\",\"contentUrl\":\"https:\\\/\\\/loreedespistes-toussuire.com\\\/wp-content\\\/uploads\\\/2025\\\/07\\\/cropped-Green-Black-Minimalist-Pine-Tree-Logo.png\",\"width\":464,\"height\":80,\"caption\":\"R\u00e9sidence l&#039;Or\u00e9e des pistes \u00e0 la Toussuire\"},\"image\":{\"@id\":\"https:\\\/\\\/loreedespistes-toussuire.com\\\/#\\\/schema\\\/logo\\\/image\\\/\"}}]}<\/script>\n<!-- \/ Yoast SEO plugin. -->","yoast_head_json":{"title":"Politique de confidentialit\u00e9 &amp; cookies - R\u00e9sidence l&#039;Or\u00e9e des pistes \u00e0 la Toussuire","robots":{"index":"index","follow":"follow","max-snippet":"max-snippet:-1","max-image-preview":"max-image-preview:large","max-video-preview":"max-video-preview:-1"},"canonical":"https:\/\/loreedespistes-toussuire.com\/index.php\/politique-de-confidentialite-cookies\/","og_locale":"fr_FR","og_type":"article","og_title":"Politique de confidentialit\u00e9 &amp; cookies - R\u00e9sidence l&#039;Or\u00e9e des pistes \u00e0 la Toussuire","og_description":"Politique de confidentialit\u00e9 Ce site est un site vitrine destin\u00e9 \u00e0 pr\u00e9senter la r\u00e9sidence L\u2019Or\u00e9e des Pistes.Dans ce cadre, certaines donn\u00e9es personnelles peuvent \u00eatre collect\u00e9es via le formulaire de contact (nom, pr\u00e9nom, email, message). Utilisation des donn\u00e9es Les informations collect\u00e9es sont utilis\u00e9es uniquement pour r\u00e9pondre aux demandes envoy\u00e9es via le formulaire de contact. Elles ne ...","og_url":"https:\/\/loreedespistes-toussuire.com\/index.php\/politique-de-confidentialite-cookies\/","og_site_name":"R\u00e9sidence l&#039;Or\u00e9e des pistes \u00e0 la Toussuire","article_modified_time":"2025-08-28T13:22:56+00:00","twitter_card":"summary_large_image","twitter_misc":{"Dur\u00e9e de lecture estim\u00e9e":"1 minute"},"schema":{"@context":"https:\/\/schema.org","@graph":[{"@type":"WebPage","@id":"https:\/\/loreedespistes-toussuire.com\/index.php\/politique-de-confidentialite-cookies\/","url":"https:\/\/loreedespistes-toussuire.com\/index.php\/politique-de-confidentialite-cookies\/","name":"Politique de confidentialit\u00e9 &amp; cookies - R\u00e9sidence l&#039;Or\u00e9e des pistes \u00e0 la Toussuire","isPartOf":{"@id":"https:\/\/loreedespistes-toussuire.com\/#website"},"datePublished":"2025-08-28T13:21:32+00:00","dateModified":"2025-08-28T13:22:56+00:00","breadcrumb":{"@id":"https:\/\/loreedespistes-toussuire.com\/index.php\/politique-de-confidentialite-cookies\/#breadcrumb"},"inLanguage":"fr-FR","potentialAction":[{"@type":"ReadAction","target":["https:\/\/loreedespistes-toussuire.com\/index.php\/politique-de-confidentialite-cookies\/"]}]},{"@type":"BreadcrumbList","@id":"https:\/\/loreedespistes-toussuire.com\/index.php\/politique-de-confidentialite-cookies\/#breadcrumb","itemListElement":[{"@type":"ListItem","position":1,"name":"Home","item":"https:\/\/loreedespistes-toussuire.com\/"},{"@type":"ListItem","position":2,"name":"Politique de confidentialit\u00e9 &amp; cookies"}]},{"@type":"WebSite","@id":"https:\/\/loreedespistes-toussuire.com\/#website","url":"https:\/\/loreedespistes-toussuire.com\/","name":"R\u00e9sidence l&#039;Or\u00e9e des pistes \u00e0 la Toussuire","description":"Locations saisonni\u00e8res","publisher":{"@id":"https:\/\/loreedespistes-toussuire.com\/#organization"},"potentialAction":[{"@type":"SearchAction","target":{"@type":"EntryPoint","urlTemplate":"https:\/\/loreedespistes-toussuire.com\/?s={search_term_string}"},"query-input":{"@type":"PropertyValueSpecification","valueRequired":true,"valueName":"search_term_string"}}],"inLanguage":"fr-FR"},{"@type":"Organization","@id":"https:\/\/loreedespistes-toussuire.com\/#organization","name":"R\u00e9sidence l&#039;Or\u00e9e des pistes \u00e0 la Toussuire","url":"https:\/\/loreedespistes-toussuire.com\/","logo":{"@type":"ImageObject","inLanguage":"fr-FR","@id":"https:\/\/loreedespistes-toussuire.com\/#\/schema\/logo\/image\/","url":"https:\/\/loreedespistes-toussuire.com\/wp-content\/uploads\/2025\/07\/cropped-Green-Black-Minimalist-Pine-Tree-Logo.png","contentUrl":"https:\/\/loreedespistes-toussuire.com\/wp-content\/uploads\/2025\/07\/cropped-Green-Black-Minimalist-Pine-Tree-Logo.png","width":464,"height":80,"caption":"R\u00e9sidence l&#039;Or\u00e9e des pistes \u00e0 la Toussuire"},"image":{"@id":"https:\/\/loreedespistes-toussuire.com\/#\/schema\/logo\/image\/"}}]}},"jetpack_sharing_enabled":true,"_links":{"self":[{"href":"https:\/\/loreedespistes-toussuire.com\/index.php\/wp-json\/wp\/v2\/pages\/3015","targetHints":{"allow":["GET"]}}],"collection":[{"href":"https:\/\/loreedespistes-toussuire.com\/index.php\/wp-json\/wp\/v2\/pages"}],"about":[{"href":"https:\/\/loreedespistes-toussuire.com\/index.php\/wp-json\/wp\/v2\/types\/page"}],"author":[{"embeddable":true,"href":"https:\/\/loreedespistes-toussuire.com\/index.php\/wp-json\/wp\/v2\/users\/2"}],"replies":[{"embeddable":true,"href":"https:\/\/loreedespistes-toussuire.com\/index.php\/wp-json\/wp\/v2\/comments?post=3015"}],"version-history":[{"count":7,"href":"https:\/\/loreedespistes-toussuire.com\/index.php\/wp-json\/wp\/v2\/pages\/3015\/revisions"}],"predecessor-version":[{"id":3022,"href":"https:\/\/loreedespistes-toussuire.com\/index.php\/wp-json\/wp\/v2\/pages\/3015\/revisions\/3022"}],"wp:attachment":[{"href":"https:\/\/loreedespistes-toussuire.com\/index.php\/wp-json\/wp\/v2\/media?parent=3015"}],"curies":[{"name":"wp","href":"https:\/\/api.w.org\/{rel}","templated":true}]}}