{"id":3007,"date":"2025-08-28T13:17:21","date_gmt":"2025-08-28T13:17:21","guid":{"rendered":"https:\/\/loreedespistes-toussuire.com\/?page_id=3007"},"modified":"2025-08-28T13:19:12","modified_gmt":"2025-08-28T13:19:12","slug":"mentions-legales","status":"publish","type":"page","link":"https:\/\/loreedespistes-toussuire.com\/index.php\/mentions-legales\/","title":{"rendered":"Mentions l\u00e9gales"},"content":{"rendered":"\t\t<div data-elementor-type=\"wp-page\" data-elementor-id=\"3007\" class=\"elementor elementor-3007\">\n\t\t\t\t<div class=\"elementor-element elementor-element-9121c77 e-flex e-con-boxed e-con e-parent\" data-id=\"9121c77\" data-element_type=\"container\" data-e-type=\"container\">\n\t\t\t\t\t<div class=\"e-con-inner\">\n\t\t\t\t<div class=\"elementor-element elementor-element-a00ee27 elementor-widget elementor-widget-text-editor\" data-id=\"a00ee27\" data-element_type=\"widget\" data-e-type=\"widget\" data-widget_type=\"text-editor.default\">\n\t\t\t\t\t\t\t\t\t<h1 data-start=\"129\" data-end=\"174\"><strong data-start=\"134\" data-end=\"174\">Mentions l\u00e9gales<\/strong><\/h1>\n<p data-start=\"176\" data-end=\"305\"><strong data-start=\"176\" data-end=\"195\">\u00c9diteur du site<\/strong><br data-start=\"195\" data-end=\"198\" \/>L\u2019Or\u00e9e des Pistes \u2013 R\u00e9sidence de tourisme <\/br>\n7 rue des chasseurs alpins<\/br>73300 Fontcouverte-la-toussuire<br data-start=\"268\" data-end=\"271\" \/><a href=\"https:\/\/www.google.com\/search?q=R%C3%A9sidence+l%27Or%C3%A9e+des+Pistes+-+La+Toussuire&amp;stick=H4sIAAAAAAAA_-NgU1I1qDAxt0g0TjI3MEg0MDQzNze0MqhITUkxByKDJKMkwySjRJNFrDpBh1cWZ6ak5iWnKuSo-xcdXpmqkJJarBCQWVwCpHQVfBIVQvJLi4tLM4tSAQfEQfZYAAAA&amp;hl=fr&amp;mat=CR7NIsFVLeV5ElYBYJahaaxCFrevgY99n4vHA2EnScyuaAeIRlFH1bmDa8JNjEcGIIx5Mncx7cfHqTsDsqcD8ovYxxLsaXbFoqt_Co2rvKGQVz-zJ_VRtH4v4gG9ctjiZg&amp;authuser=1&amp;ved=2ahUKEwjL-qT7x62PAxW0WaQEHQD1IvwQ-MgIegQILxAe#\" data-dtype=\"d3ph\" data-local-attribute=\"d3ph\" data-ved=\"2ahUKEwjr4JOjya2PAxVSvScCHfWQMMgQkAgoAHoECD8QAg\"><span aria-label=\"Appeler le 06 66 47 38 66\">06 66 47 38 66<\/span><\/a><br data-start=\"282\" data-end=\"285\" \/>loreedespistes.toussuire@gmail.com<\/p>\n<p data-start=\"307\" data-end=\"391\"><strong data-start=\"307\" data-end=\"340\">Responsable de la publication<\/strong><br data-start=\"340\" data-end=\"343\" \/>Fran\u00e7oise Gilbert-collet <\/br> J\u00e9r\u00e9my Gilbert-collet<\/p>\n<p data-start=\"393\" data-end=\"476\"><strong data-start=\"393\" data-end=\"416\">H\u00e9bergement du site<\/strong><br data-start=\"416\" data-end=\"419\" \/>OVH<br data-start=\"439\" data-end=\"442\" \/>2 rue Kellermann <\/br> 59100 Roubaix<br data-start=\"460\" data-end=\"463\" \/>1007<\/p>\n<p data-start=\"478\" data-end=\"708\"><strong data-start=\"478\" data-end=\"498\">Statut juridique<\/strong><br data-start=\"498\" data-end=\"501\" \/>SARL PEME<br data-start=\"582\" data-end=\"585\" \/>Au capital de \t7 622,45 \u20ac<br data-start=\"610\" data-end=\"613\" \/>Immatricul\u00e9e au RCS de Chamb\u00e9ry sous le n\u00b0 420 410 839 R.C.S. Chambery<br data-start=\"670\" data-end=\"673\" \/>N\u00b0 TVA intracommunautaire : FR20420410839<\/p>\n<p data-start=\"710\" data-end=\"987\"><strong data-start=\"710\" data-end=\"738\">Propri\u00e9t\u00e9 intellectuelle<\/strong><br data-start=\"738\" data-end=\"741\" \/>L\u2019ensemble du contenu (textes, images, photos, logo, design) du site est la propri\u00e9t\u00e9 exclusive de L\u2019Or\u00e9e des Pistes, sauf mention contraire.<br data-start=\"882\" data-end=\"885\" \/>Toute reproduction, diffusion ou exploitation, m\u00eame partielle, est soumise \u00e0 autorisation pr\u00e9alable.<\/p>\t\t\t\t\t\t\t\t<\/div>\n\t\t\t\t\t<\/div>\n\t\t\t\t<\/div>\n\t\t\t\t<\/div>\n\t\t","protected":false},"excerpt":{"rendered":"<p>Mentions l\u00e9gales \u00c9diteur du siteL\u2019Or\u00e9e des Pistes \u2013 R\u00e9sidence de tourisme 7 rue des chasseurs alpins73300 Fontcouverte-la-toussuire06 66 47 38 66loreedespistes.toussuire@gmail.com Responsable de la publicationFran\u00e7oise Gilbert-collet J\u00e9r\u00e9my Gilbert-collet H\u00e9bergement du siteOVH2 rue Kellermann 59100 Roubaix1007 Statut juridiqueSARL PEMEAu capital de 7 622,45 \u20acImmatricul\u00e9e au RCS de Chamb\u00e9ry sous le n\u00b0 420 410 839 R.C.S. ChamberyN\u00b0 &#8230;<\/p>\n","protected":false},"author":2,"featured_media":0,"parent":0,"menu_order":0,"comment_status":"closed","ping_status":"closed","template":"","meta":{"cozystay_single_page_hide_site_header":"","cozystay_single_page_site_header_source":"","cozystay_single_page_custom_site_header":"0","cozystay_single_page_custom_sticky_site_header":"0","cozystay_single_page_hide_page_title":"","cozystay_single_page_header_section_size":"","cozystay_single_page_header_background_color":"","cozystay_single_page_header_background_position_x":"center","cozystay_single_page_header_background_position_y":"center","cozystay_single_page_header_background_size":"cover","cozystay_single_page_header_background_repeat":"off","cozystay_single_page_header_background_scroll":"on","cozystay_single_page_header_text_color":"","cozystay_single_page_header_show_breadcrumb":"","cozystay_single_page_site_footer_hide_main":"","cozystay_single_custom_site_footer_main_source":"","cozystay_single_custom_site_footer_main":"0","cozystay_single_page_site_footer_hide_above":"","cozystay_single_custom_site_footer_above_source":"","cozystay_single_custom_site_footer_above":"0","cozystay_single_page_site_footer_hide_instagram":"","cozystay_single_page_site_footer_hide_bottom":"","cozystay_single_custom_mobile_menu_source":"","cozystay_single_custom_mobile_menu":"0","cozystay_single_custom_mobile_menu_animation":"","cozystay_single_custom_mobile_menu_width":"","cozystay_single_custom_mobile_menu_custom_width":375,"footnotes":""},"class_list":["post-3007","page","type-page","status-publish","hentry"],"yoast_head":"<!-- This site is optimized with the Yoast SEO plugin v27.4 - https:\/\/yoast.com\/product\/yoast-seo-wordpress\/ -->\n<title>Mentions l\u00e9gales - R\u00e9sidence l&#039;Or\u00e9e des pistes \u00e0 la Toussuire<\/title>\n<meta name=\"robots\" content=\"index, follow, max-snippet:-1, max-image-preview:large, max-video-preview:-1\" \/>\n<link rel=\"canonical\" href=\"https:\/\/loreedespistes-toussuire.com\/index.php\/mentions-legales\/\" \/>\n<meta property=\"og:locale\" content=\"fr_FR\" \/>\n<meta property=\"og:type\" content=\"article\" \/>\n<meta property=\"og:title\" content=\"Mentions l\u00e9gales - R\u00e9sidence l&#039;Or\u00e9e des pistes \u00e0 la Toussuire\" \/>\n<meta property=\"og:description\" content=\"Mentions l\u00e9gales \u00c9diteur du siteL\u2019Or\u00e9e des Pistes \u2013 R\u00e9sidence de tourisme 7 rue des chasseurs alpins73300 Fontcouverte-la-toussuire06 66 47 38 66loreedespistes.toussuire@gmail.com Responsable de la publicationFran\u00e7oise Gilbert-collet J\u00e9r\u00e9my Gilbert-collet H\u00e9bergement du siteOVH2 rue Kellermann 59100 Roubaix1007 Statut juridiqueSARL PEMEAu capital de 7 622,45 \u20acImmatricul\u00e9e au RCS de Chamb\u00e9ry sous le n\u00b0 420 410 839 R.C.S. ChamberyN\u00b0 ...\" \/>\n<meta property=\"og:url\" content=\"https:\/\/loreedespistes-toussuire.com\/index.php\/mentions-legales\/\" \/>\n<meta property=\"og:site_name\" content=\"R\u00e9sidence l&#039;Or\u00e9e des pistes \u00e0 la Toussuire\" \/>\n<meta property=\"article:modified_time\" content=\"2025-08-28T13:19:12+00:00\" \/>\n<meta name=\"twitter:card\" content=\"summary_large_image\" \/>\n<meta name=\"twitter:label1\" content=\"Dur\u00e9e de lecture estim\u00e9e\" \/>\n\t<meta name=\"twitter:data1\" content=\"1 minute\" \/>\n<script type=\"application\/ld+json\" class=\"yoast-schema-graph\">{\"@context\":\"https:\\\/\\\/schema.org\",\"@graph\":[{\"@type\":\"WebPage\",\"@id\":\"https:\\\/\\\/loreedespistes-toussuire.com\\\/index.php\\\/mentions-legales\\\/\",\"url\":\"https:\\\/\\\/loreedespistes-toussuire.com\\\/index.php\\\/mentions-legales\\\/\",\"name\":\"Mentions l\u00e9gales - R\u00e9sidence l&#039;Or\u00e9e des pistes \u00e0 la Toussuire\",\"isPartOf\":{\"@id\":\"https:\\\/\\\/loreedespistes-toussuire.com\\\/#website\"},\"datePublished\":\"2025-08-28T13:17:21+00:00\",\"dateModified\":\"2025-08-28T13:19:12+00:00\",\"breadcrumb\":{\"@id\":\"https:\\\/\\\/loreedespistes-toussuire.com\\\/index.php\\\/mentions-legales\\\/#breadcrumb\"},\"inLanguage\":\"fr-FR\",\"potentialAction\":[{\"@type\":\"ReadAction\",\"target\":[\"https:\\\/\\\/loreedespistes-toussuire.com\\\/index.php\\\/mentions-legales\\\/\"]}]},{\"@type\":\"BreadcrumbList\",\"@id\":\"https:\\\/\\\/loreedespistes-toussuire.com\\\/index.php\\\/mentions-legales\\\/#breadcrumb\",\"itemListElement\":[{\"@type\":\"ListItem\",\"position\":1,\"name\":\"Home\",\"item\":\"https:\\\/\\\/loreedespistes-toussuire.com\\\/\"},{\"@type\":\"ListItem\",\"position\":2,\"name\":\"Mentions l\u00e9gales\"}]},{\"@type\":\"WebSite\",\"@id\":\"https:\\\/\\\/loreedespistes-toussuire.com\\\/#website\",\"url\":\"https:\\\/\\\/loreedespistes-toussuire.com\\\/\",\"name\":\"R\u00e9sidence l&#039;Or\u00e9e des pistes \u00e0 la Toussuire\",\"description\":\"Locations saisonni\u00e8res\",\"publisher\":{\"@id\":\"https:\\\/\\\/loreedespistes-toussuire.com\\\/#organization\"},\"potentialAction\":[{\"@type\":\"SearchAction\",\"target\":{\"@type\":\"EntryPoint\",\"urlTemplate\":\"https:\\\/\\\/loreedespistes-toussuire.com\\\/?s={search_term_string}\"},\"query-input\":{\"@type\":\"PropertyValueSpecification\",\"valueRequired\":true,\"valueName\":\"search_term_string\"}}],\"inLanguage\":\"fr-FR\"},{\"@type\":\"Organization\",\"@id\":\"https:\\\/\\\/loreedespistes-toussuire.com\\\/#organization\",\"name\":\"R\u00e9sidence l&#039;Or\u00e9e des pistes \u00e0 la Toussuire\",\"url\":\"https:\\\/\\\/loreedespistes-toussuire.com\\\/\",\"logo\":{\"@type\":\"ImageObject\",\"inLanguage\":\"fr-FR\",\"@id\":\"https:\\\/\\\/loreedespistes-toussuire.com\\\/#\\\/schema\\\/logo\\\/image\\\/\",\"url\":\"https:\\\/\\\/loreedespistes-toussuire.com\\\/wp-content\\\/uploads\\\/2025\\\/07\\\/cropped-Green-Black-Minimalist-Pine-Tree-Logo.png\",\"contentUrl\":\"https:\\\/\\\/loreedespistes-toussuire.com\\\/wp-content\\\/uploads\\\/2025\\\/07\\\/cropped-Green-Black-Minimalist-Pine-Tree-Logo.png\",\"width\":464,\"height\":80,\"caption\":\"R\u00e9sidence l&#039;Or\u00e9e des pistes \u00e0 la Toussuire\"},\"image\":{\"@id\":\"https:\\\/\\\/loreedespistes-toussuire.com\\\/#\\\/schema\\\/logo\\\/image\\\/\"}}]}<\/script>\n<!-- \/ Yoast SEO plugin. -->","yoast_head_json":{"title":"Mentions l\u00e9gales - R\u00e9sidence l&#039;Or\u00e9e des pistes \u00e0 la Toussuire","robots":{"index":"index","follow":"follow","max-snippet":"max-snippet:-1","max-image-preview":"max-image-preview:large","max-video-preview":"max-video-preview:-1"},"canonical":"https:\/\/loreedespistes-toussuire.com\/index.php\/mentions-legales\/","og_locale":"fr_FR","og_type":"article","og_title":"Mentions l\u00e9gales - R\u00e9sidence l&#039;Or\u00e9e des pistes \u00e0 la Toussuire","og_description":"Mentions l\u00e9gales \u00c9diteur du siteL\u2019Or\u00e9e des Pistes \u2013 R\u00e9sidence de tourisme 7 rue des chasseurs alpins73300 Fontcouverte-la-toussuire06 66 47 38 66loreedespistes.toussuire@gmail.com Responsable de la publicationFran\u00e7oise Gilbert-collet J\u00e9r\u00e9my Gilbert-collet H\u00e9bergement du siteOVH2 rue Kellermann 59100 Roubaix1007 Statut juridiqueSARL PEMEAu capital de 7 622,45 \u20acImmatricul\u00e9e au RCS de Chamb\u00e9ry sous le n\u00b0 420 410 839 R.C.S. ChamberyN\u00b0 ...","og_url":"https:\/\/loreedespistes-toussuire.com\/index.php\/mentions-legales\/","og_site_name":"R\u00e9sidence l&#039;Or\u00e9e des pistes \u00e0 la Toussuire","article_modified_time":"2025-08-28T13:19:12+00:00","twitter_card":"summary_large_image","twitter_misc":{"Dur\u00e9e de lecture estim\u00e9e":"1 minute"},"schema":{"@context":"https:\/\/schema.org","@graph":[{"@type":"WebPage","@id":"https:\/\/loreedespistes-toussuire.com\/index.php\/mentions-legales\/","url":"https:\/\/loreedespistes-toussuire.com\/index.php\/mentions-legales\/","name":"Mentions l\u00e9gales - R\u00e9sidence l&#039;Or\u00e9e des pistes \u00e0 la Toussuire","isPartOf":{"@id":"https:\/\/loreedespistes-toussuire.com\/#website"},"datePublished":"2025-08-28T13:17:21+00:00","dateModified":"2025-08-28T13:19:12+00:00","breadcrumb":{"@id":"https:\/\/loreedespistes-toussuire.com\/index.php\/mentions-legales\/#breadcrumb"},"inLanguage":"fr-FR","potentialAction":[{"@type":"ReadAction","target":["https:\/\/loreedespistes-toussuire.com\/index.php\/mentions-legales\/"]}]},{"@type":"BreadcrumbList","@id":"https:\/\/loreedespistes-toussuire.com\/index.php\/mentions-legales\/#breadcrumb","itemListElement":[{"@type":"ListItem","position":1,"name":"Home","item":"https:\/\/loreedespistes-toussuire.com\/"},{"@type":"ListItem","position":2,"name":"Mentions l\u00e9gales"}]},{"@type":"WebSite","@id":"https:\/\/loreedespistes-toussuire.com\/#website","url":"https:\/\/loreedespistes-toussuire.com\/","name":"R\u00e9sidence l&#039;Or\u00e9e des pistes \u00e0 la Toussuire","description":"Locations saisonni\u00e8res","publisher":{"@id":"https:\/\/loreedespistes-toussuire.com\/#organization"},"potentialAction":[{"@type":"SearchAction","target":{"@type":"EntryPoint","urlTemplate":"https:\/\/loreedespistes-toussuire.com\/?s={search_term_string}"},"query-input":{"@type":"PropertyValueSpecification","valueRequired":true,"valueName":"search_term_string"}}],"inLanguage":"fr-FR"},{"@type":"Organization","@id":"https:\/\/loreedespistes-toussuire.com\/#organization","name":"R\u00e9sidence l&#039;Or\u00e9e des pistes \u00e0 la Toussuire","url":"https:\/\/loreedespistes-toussuire.com\/","logo":{"@type":"ImageObject","inLanguage":"fr-FR","@id":"https:\/\/loreedespistes-toussuire.com\/#\/schema\/logo\/image\/","url":"https:\/\/loreedespistes-toussuire.com\/wp-content\/uploads\/2025\/07\/cropped-Green-Black-Minimalist-Pine-Tree-Logo.png","contentUrl":"https:\/\/loreedespistes-toussuire.com\/wp-content\/uploads\/2025\/07\/cropped-Green-Black-Minimalist-Pine-Tree-Logo.png","width":464,"height":80,"caption":"R\u00e9sidence l&#039;Or\u00e9e des pistes \u00e0 la Toussuire"},"image":{"@id":"https:\/\/loreedespistes-toussuire.com\/#\/schema\/logo\/image\/"}}]}},"jetpack_sharing_enabled":true,"_links":{"self":[{"href":"https:\/\/loreedespistes-toussuire.com\/index.php\/wp-json\/wp\/v2\/pages\/3007","targetHints":{"allow":["GET"]}}],"collection":[{"href":"https:\/\/loreedespistes-toussuire.com\/index.php\/wp-json\/wp\/v2\/pages"}],"about":[{"href":"https:\/\/loreedespistes-toussuire.com\/index.php\/wp-json\/wp\/v2\/types\/page"}],"author":[{"embeddable":true,"href":"https:\/\/loreedespistes-toussuire.com\/index.php\/wp-json\/wp\/v2\/users\/2"}],"replies":[{"embeddable":true,"href":"https:\/\/loreedespistes-toussuire.com\/index.php\/wp-json\/wp\/v2\/comments?post=3007"}],"version-history":[{"count":7,"href":"https:\/\/loreedespistes-toussuire.com\/index.php\/wp-json\/wp\/v2\/pages\/3007\/revisions"}],"predecessor-version":[{"id":3014,"href":"https:\/\/loreedespistes-toussuire.com\/index.php\/wp-json\/wp\/v2\/pages\/3007\/revisions\/3014"}],"wp:attachment":[{"href":"https:\/\/loreedespistes-toussuire.com\/index.php\/wp-json\/wp\/v2\/media?parent=3007"}],"curies":[{"name":"wp","href":"https:\/\/api.w.org\/{rel}","templated":true}]}}